{"id":431,"date":"2020-06-10T18:18:57","date_gmt":"2020-06-10T18:18:57","guid":{"rendered":"http:\/\/localhost\/context\/?page_id=431"},"modified":"2024-12-28T16:23:35","modified_gmt":"2024-12-28T15:23:35","slug":"portfolio","status":"publish","type":"page","link":"https:\/\/www.gpio-solutions.com\/en\/portfolio\/","title":{"rendered":"Portfolio"},"content":{"rendered":"<div data-elementor-type=\"wp-page\" data-elementor-id=\"431\" class=\"elementor elementor-431\">\n\t\t\t\t\t\t<section class=\"elementor-section elementor-top-section elementor-element elementor-element-8754076 elementor-section-boxed elementor-section-height-default elementor-section-height-default\" data-id=\"8754076\" data-element_type=\"section\" data-e-type=\"section\">\n\t\t\t\t\t\t<div class=\"elementor-container elementor-column-gap-default\">\n\t\t\t\t\t<div class=\"elementor-column elementor-col-100 elementor-top-column elementor-element elementor-element-1f53dc5\" data-id=\"1f53dc5\" data-element_type=\"column\" data-e-type=\"column\">\n\t\t\t<div class=\"elementor-widget-wrap elementor-element-populated\">\n\t\t\t\t\t\t<div class=\"elementor-element elementor-element-c00aacb poket-star-rating--align-center elementor-widget elementor-widget-witr_section_title\" data-id=\"c00aacb\" data-element_type=\"widget\" data-e-type=\"widget\" data-widget_type=\"witr_section_title.default\">\n\t\t\t\t<div class=\"elementor-widget-container\">\n\t\t\t\t\t\t\t\t\t\t<!-- title center -->\n\t\t\t\t\t<div class=\"witr_section_title\">\n\t\t\t\t\t\t<div class=\"witr_section_title_inner text-center\">\n\n\t\t\t\t\t\t\t<!-- icon position -->\n\t\t\t\t\t\t\t\t\n\t\t\t\t\t\t\t<!-- end icon position -->\n\t\t\t\t\t\t\t\n\t\t\t\t\t\t\n\t\t\t\t\t\t\t<!-- title top -->\n\t\t\t\t\t\t\t\n\n\t\t\t\t\t\t\t<!-- icon position -->\n\t\t\t\t\t\t\t\t\n\t\t\t\t\t\t\t<!-- end icon position -->\n\n\n\t\t\t\t\t\t\t\n\t\t\t\t\t\t\t<!-- title middle -->\n\t\t\t\t\t\t\t\t\t\t\t\t\t\t\t<h3>Processes<\/h3>\t\t\n\t\t\t\t\t\t\t\t\t\t\t\t\t\t<!-- title bottom -->\n\t\t\t\t\t\t\t\n\t\t\t\t\t\t\t\n\t\t\t\t\t\t\t\n\t\t\t\t\t\t\t\t\t\t\t\t\t\t\n\t\t\t\t\t\t\t<!-- image -->\n\t\t\t\t\t\t\t\t\t\t\t\t\t\t<!-- icon -->\n\t\t\t\t\t\t\t\t\t\t\t\t\t\t\n\t\t\t\t\t\t\t<!-- bar -->\n\t\t\t\t\t\t\t\t\t\t\t\t\t\t<!-- circle bar -->\n\t\t\t\t\t\t\t\t\t\t\t\t\t\t\n\t\t\t\t\t\t\t\t\n\t\t\t\t\t\t\t\n\n\t\t\t\t\t\t\t\n\t\t\t\t\t\t\t<!-- content -->\n\t\t\t\t\t\t\t\t\t\t\t\t\t\t\t<p>Gleich welche Automatisierung Sie in Ihrer Lagerlogistik oder an Ihren Montagearbeitspl\u00e4tzen w\u00fcnschen, hier finden Sie die passende L\u00f6sung dazu.  <\/p>\t\t\n\t\t\t\t\t\t\t\t\t\t\t\t\t\t\n\t\t\t\t\t\t<\/div>\n\t\t\t\t\t\t\t<!-- inner title -->\n\t\t\t\t\t\t\t\t\t\t\t\t\t\n\t\t\t\t\t<\/div>\n\n\t\t\t\t\t\t\t\t<\/div>\n\t\t\t\t<\/div>\n\t\t\t\t<section class=\"elementor-section elementor-inner-section elementor-element elementor-element-ef7b6c6 elementor-section-boxed elementor-section-height-default elementor-section-height-default\" data-id=\"ef7b6c6\" data-element_type=\"section\" data-e-type=\"section\">\n\t\t\t\t\t\t<div class=\"elementor-container elementor-column-gap-default\">\n\t\t\t\t\t<div class=\"elementor-column elementor-col-100 elementor-inner-column elementor-element elementor-element-6337669\" data-id=\"6337669\" data-element_type=\"column\" data-e-type=\"column\">\n\t\t\t<div class=\"elementor-widget-wrap elementor-element-populated\">\n\t\t\t\t\t\t<div class=\"elementor-element elementor-element-2fab934 wittr_pfilter_menu--align-center elementor-widget elementor-widget-witr_portfolio_section\" data-id=\"2fab934\" data-element_type=\"widget\" data-e-type=\"widget\" data-widget_type=\"witr_portfolio_section.default\">\n\t\t\t\t<div class=\"elementor-widget-container\">\n\t\t\t\t\t\t\t\t\t\n\t\t<div class=\"clearfix row kicuakta\">\n\t\t\t<div class=\"col-md-12\">\n\t\t\t\t<div class=\"portfolio_nav  wittr_pfilter_menu\">\n\t\t\t\t\t<ul id=\"filter\" class=\"filter_menu\">\n\t\t\t\t\t\t<li class=\"current_menu_item\" data-filter=\"*\" >Alle Prozesse<\/li>\n\t\t\t\t\t\t\t\t\t\t\t\t\t<li   data-filter=\".assemble-by-light\">Assemble by Light<\/li>\n\t\t\t\t\t\t\t\t\t\t\t\t\t\t<li   data-filter=\".multi-order-picking\">Multi-Order-Picking<\/li>\n\t\t\t\t\t\t\t\t\t\t\t\t\t\t<li   data-filter=\".pick-by-light\">Pick by Light<\/li>\n\t\t\t\t\t\t\t\t\t\t\t\t\t\t<li   data-filter=\".put-to-light\">Put to Light<\/li>\n\t\t\t\t\t\t\t\t\t\t\t<\/ul>\n\t\t\t\t<\/div>\n\t\t\t<\/div>\t\t\t\t\n\t\t<\/div>\t\t\t\n\t\t\t\t\t<div class=\"pstyle2\">\t\t\t\t\n\t\t\t\t<div class=\"row\" id=\"em_load\" >\t\t\n\t\t\t\t\t\t\t\t\t\t\t<!-- single portfolio -->\n\t\t\t\t\t<div class=\"col-lg-4  eportfolio_item col-md-6 col-xs-12 col-sm-12 pick-by-light    witr_all_mb_30\" >\n\t\t\t\t\t\t<div class=\"single_protfolio\">\n\t\t\t\t\t\t\t<div class=\"prot_thumb\">\t\t\t\t\t\t\t\t\n\t\t\t\t\t\t\t\t<img fetchpriority=\"high\" decoding=\"async\" width=\"560\" height=\"560\" src=\"https:\/\/www.gpio-solutions.com\/wp-content\/uploads\/pick-by-light_600x800-560x560.jpg\" class=\"attachment-poket-gallery-thumb size-poket-gallery-thumb wp-post-image\" alt=\"pick-by-light\" srcset=\"https:\/\/www.gpio-solutions.com\/wp-content\/uploads\/pick-by-light_600x800-560x560.jpg 560w, https:\/\/www.gpio-solutions.com\/wp-content\/uploads\/pick-by-light_600x800-150x150.jpg 150w, https:\/\/www.gpio-solutions.com\/wp-content\/uploads\/pick-by-light_600x800-450x450.jpg 450w, https:\/\/www.gpio-solutions.com\/wp-content\/uploads\/pick-by-light_600x800-106x106.jpg 106w, https:\/\/www.gpio-solutions.com\/wp-content\/uploads\/pick-by-light_600x800-600x600.jpg 600w, https:\/\/www.gpio-solutions.com\/wp-content\/uploads\/pick-by-light_600x800-70x70.jpg 70w\" sizes=\"(max-width: 560px) 100vw, 560px\" \/>\t\t\t\t\t\t\t\t\n\t\t\t\t\t\t\t\t<div class=\"prot_content\">\n\t\t\t\t\t\t\t\t\t<div class=\"prot_content_inner\">\t\t\t\t\t\t\t\t\t\n\t\t\t\t\t\t\t\t\t\t<div class=\"picon\">\n\t\t\t\t\t\t\t\t\t\t\t \n\t\t\t\t\t\t\t\t\t\t\t<a class=\"portfolio-icon venobox\" data-gall=\"myGallery\" href=\"https:\/\/www.gpio-solutions.com\/wp-content\/uploads\/pick-by-light_600x800.jpg\"><i class=\"icofont-image\"><\/i><\/a>\n\t\t\t\t\t\t\t\t\t\t\t\t\t\t\t\t\t\t\t\t\t<\/div>\n\t\t\t\t\t\t\t\t\t\t<h3><a href=\"https:\/\/www.gpio-solutions.com\/en\/em_portfolios\/pick-by-light\/\">Pick by Light<\/a><\/h3>\n\t\t\t\t\t\t\t\t\t\t\n\t\t\t\t\t\t\t\t\t\t<p>\t\t\t\t\t\t\t\t\t\t\t\t<span class=\"category-item-p\">\n\t\t\t\t\t\t\t\t\t\t\t\t   Pick by Light\t\t\t\t\t\t\t\t\t\t\t\t<\/span>\t\t\t\t\t\t\t\t\t\t\t\t\t\t\t\t\t\t\t\n\t\t\t\t\t\t\t\t\t\t\t\t<\/p>\t\t\t\t\t\t\t\t\n\t\t\t\t\t\t\t\t\t<\/div>\n\t\t\t\t\t\t\t\t<\/div>\t\n\t\t\t\t\t\t\t<\/div>\t\t\t\t\n\t\t\t\t\t\t<\/div>\n\t\t\t\t\t<\/div>\n\t\t\t\t\t\t\t\t\t\t\t<!-- single portfolio -->\n\t\t\t\t\t<div class=\"col-lg-4  eportfolio_item col-md-6 col-xs-12 col-sm-12 put-to-light    witr_all_mb_30\" >\n\t\t\t\t\t\t<div class=\"single_protfolio\">\n\t\t\t\t\t\t\t<div class=\"prot_thumb\">\t\t\t\t\t\t\t\t\n\t\t\t\t\t\t\t\t<img decoding=\"async\" width=\"560\" height=\"560\" src=\"https:\/\/www.gpio-solutions.com\/wp-content\/uploads\/DSCN2583-560x560.jpg\" class=\"attachment-poket-gallery-thumb size-poket-gallery-thumb wp-post-image\" alt=\"put-to-light\" srcset=\"https:\/\/www.gpio-solutions.com\/wp-content\/uploads\/DSCN2583-560x560.jpg 560w, https:\/\/www.gpio-solutions.com\/wp-content\/uploads\/DSCN2583-150x150.jpg 150w, https:\/\/www.gpio-solutions.com\/wp-content\/uploads\/DSCN2583-450x450.jpg 450w, https:\/\/www.gpio-solutions.com\/wp-content\/uploads\/DSCN2583-106x106.jpg 106w, https:\/\/www.gpio-solutions.com\/wp-content\/uploads\/DSCN2583-70x70.jpg 70w\" sizes=\"(max-width: 560px) 100vw, 560px\" \/>\t\t\t\t\t\t\t\t\n\t\t\t\t\t\t\t\t<div class=\"prot_content\">\n\t\t\t\t\t\t\t\t\t<div class=\"prot_content_inner\">\t\t\t\t\t\t\t\t\t\n\t\t\t\t\t\t\t\t\t\t<div class=\"picon\">\n\t\t\t\t\t\t\t\t\t\t\t \n\t\t\t\t\t\t\t\t\t\t\t<a class=\"portfolio-icon venobox\" data-gall=\"myGallery\" href=\"https:\/\/www.gpio-solutions.com\/wp-content\/uploads\/DSCN2583.jpg\"><i class=\"icofont-image\"><\/i><\/a>\n\t\t\t\t\t\t\t\t\t\t\t\t\t\t\t\t\t\t\t\t\t<\/div>\n\t\t\t\t\t\t\t\t\t\t<h3><a href=\"https:\/\/www.gpio-solutions.com\/en\/em_portfolios\/put-to-light\/\">Put to Light<\/a><\/h3>\n\t\t\t\t\t\t\t\t\t\t\n\t\t\t\t\t\t\t\t\t\t<p>\t\t\t\t\t\t\t\t\t\t\t\t<span class=\"category-item-p\">\n\t\t\t\t\t\t\t\t\t\t\t\t   Put to Light\t\t\t\t\t\t\t\t\t\t\t\t<\/span>\t\t\t\t\t\t\t\t\t\t\t\t\t\t\t\t\t\t\t\n\t\t\t\t\t\t\t\t\t\t\t\t<\/p>\t\t\t\t\t\t\t\t\n\t\t\t\t\t\t\t\t\t<\/div>\n\t\t\t\t\t\t\t\t<\/div>\t\n\t\t\t\t\t\t\t<\/div>\t\t\t\t\n\t\t\t\t\t\t<\/div>\n\t\t\t\t\t<\/div>\n\t\t\t\t\t\t\t\t\t\t\t<!-- single portfolio -->\n\t\t\t\t\t<div class=\"col-lg-4  eportfolio_item col-md-6 col-xs-12 col-sm-12 multi-order-picking    witr_all_mb_30\" >\n\t\t\t\t\t\t<div class=\"single_protfolio\">\n\t\t\t\t\t\t\t<div class=\"prot_thumb\">\t\t\t\t\t\t\t\t\n\t\t\t\t\t\t\t\t<img decoding=\"async\" width=\"560\" height=\"560\" src=\"https:\/\/www.gpio-solutions.com\/wp-content\/uploads\/stripe_2448x3264-scaled-e1736159461789-560x560.jpg\" class=\"attachment-poket-gallery-thumb size-poket-gallery-thumb wp-post-image\" alt=\"multi-order-picking\" srcset=\"https:\/\/www.gpio-solutions.com\/wp-content\/uploads\/stripe_2448x3264-scaled-e1736159461789-560x560.jpg 560w, https:\/\/www.gpio-solutions.com\/wp-content\/uploads\/stripe_2448x3264-scaled-e1736159461789-150x150.jpg 150w, https:\/\/www.gpio-solutions.com\/wp-content\/uploads\/stripe_2448x3264-scaled-e1736159461789-450x450.jpg 450w, https:\/\/www.gpio-solutions.com\/wp-content\/uploads\/stripe_2448x3264-scaled-e1736159461789-106x106.jpg 106w, https:\/\/www.gpio-solutions.com\/wp-content\/uploads\/stripe_2448x3264-scaled-e1736159461789-70x70.jpg 70w\" sizes=\"(max-width: 560px) 100vw, 560px\" \/>\t\t\t\t\t\t\t\t\n\t\t\t\t\t\t\t\t<div class=\"prot_content\">\n\t\t\t\t\t\t\t\t\t<div class=\"prot_content_inner\">\t\t\t\t\t\t\t\t\t\n\t\t\t\t\t\t\t\t\t\t<div class=\"picon\">\n\t\t\t\t\t\t\t\t\t\t\t \n\t\t\t\t\t\t\t\t\t\t\t<a class=\"portfolio-icon venobox\" data-gall=\"myGallery\" href=\"https:\/\/www.gpio-solutions.com\/wp-content\/uploads\/stripe_2448x3264-scaled-e1736159461789.jpg\"><i class=\"icofont-image\"><\/i><\/a>\n\t\t\t\t\t\t\t\t\t\t\t\t\t\t\t\t\t\t\t\t\t<\/div>\n\t\t\t\t\t\t\t\t\t\t<h3><a href=\"https:\/\/www.gpio-solutions.com\/en\/em_portfolios\/multi-order-picking\/\">Multi-Order-Picking<\/a><\/h3>\n\t\t\t\t\t\t\t\t\t\t\n\t\t\t\t\t\t\t\t\t\t<p>\t\t\t\t\t\t\t\t\t\t\t\t<span class=\"category-item-p\">\n\t\t\t\t\t\t\t\t\t\t\t\t   Multi-Order-Picking\t\t\t\t\t\t\t\t\t\t\t\t<\/span>\t\t\t\t\t\t\t\t\t\t\t\t\t\t\t\t\t\t\t\n\t\t\t\t\t\t\t\t\t\t\t\t<\/p>\t\t\t\t\t\t\t\t\n\t\t\t\t\t\t\t\t\t<\/div>\n\t\t\t\t\t\t\t\t<\/div>\t\n\t\t\t\t\t\t\t<\/div>\t\t\t\t\n\t\t\t\t\t\t<\/div>\n\t\t\t\t\t<\/div>\n\t\t\t\t\t\t\t\t\t\t\t<!-- single portfolio -->\n\t\t\t\t\t<div class=\"col-lg-4  eportfolio_item col-md-6 col-xs-12 col-sm-12 assemble-by-light    witr_all_mb_30\" >\n\t\t\t\t\t\t<div class=\"single_protfolio\">\n\t\t\t\t\t\t\t<div class=\"prot_thumb\">\t\t\t\t\t\t\t\t\n\t\t\t\t\t\t\t\t<img loading=\"lazy\" decoding=\"async\" width=\"560\" height=\"447\" src=\"https:\/\/www.gpio-solutions.com\/wp-content\/uploads\/AbL_447x836-560x447.jpg\" class=\"attachment-poket-gallery-thumb size-poket-gallery-thumb wp-post-image\" alt=\"visual-assembly\" \/>\t\t\t\t\t\t\t\t\n\t\t\t\t\t\t\t\t<div class=\"prot_content\">\n\t\t\t\t\t\t\t\t\t<div class=\"prot_content_inner\">\t\t\t\t\t\t\t\t\t\n\t\t\t\t\t\t\t\t\t\t<div class=\"picon\">\n\t\t\t\t\t\t\t\t\t\t\t \n\t\t\t\t\t\t\t\t\t\t\t<a class=\"portfolio-icon venobox\" data-gall=\"myGallery\" href=\"https:\/\/www.gpio-solutions.com\/wp-content\/uploads\/AbL_447x836.jpg\"><i class=\"icofont-image\"><\/i><\/a>\n\t\t\t\t\t\t\t\t\t\t\t\t\t\t\t\t\t\t\t\t\t<\/div>\n\t\t\t\t\t\t\t\t\t\t<h3><a href=\"https:\/\/www.gpio-solutions.com\/en\/em_portfolios\/assemble-by-light\/\">Assemble by Light\u00ae<\/a><\/h3>\n\t\t\t\t\t\t\t\t\t\t\n\t\t\t\t\t\t\t\t\t\t<p>\t\t\t\t\t\t\t\t\t\t\t\t<span class=\"category-item-p\">\n\t\t\t\t\t\t\t\t\t\t\t\t   Assemble by Light\t\t\t\t\t\t\t\t\t\t\t\t<\/span>\t\t\t\t\t\t\t\t\t\t\t\t\t\t\t\t\t\t\t\n\t\t\t\t\t\t\t\t\t\t\t\t<\/p>\t\t\t\t\t\t\t\t\n\t\t\t\t\t\t\t\t\t<\/div>\n\t\t\t\t\t\t\t\t<\/div>\t\n\t\t\t\t\t\t\t<\/div>\t\t\t\t\n\t\t\t\t\t\t<\/div>\n\t\t\t\t\t<\/div>\n\t\t\t\t\t\t\n\t\t\t\t\t\t\t\t\t<\/div>\n\t\t\t<\/div>\t\t\t\t\t\n\n\t\t\t\t\t\t\t<\/div>\n\t\t\t\t<\/div>\n\t\t\t\t\t<\/div>\n\t\t<\/div>\n\t\t\t\t\t<\/div>\n\t\t<\/section>\n\t\t\t\t\t<\/div>\n\t\t<\/div>\n\t\t\t\t\t<\/div>\n\t\t<\/section>\n\t\t\t\t<\/div>","protected":false},"excerpt":{"rendered":"<p>Prozesse Gleich welche Automatisierung Sie in Ihrer Lagerlogistik oder an Ihren Montagearbeitspl\u00e4tzen w\u00fcnschen, hier finden Sie die passende L\u00f6sung dazu. Alle Prozesse Assemble by Light Multi-Order-Picking Pick by Light Put to Light Pick by Light Pick by Light Put to Light Put to Light Multi-Order-Picking Multi-Order-Picking Assemble by Light\u00ae Assemble by Light<\/p>","protected":false},"author":1,"featured_media":0,"parent":0,"menu_order":0,"comment_status":"closed","ping_status":"closed","template":"template-home.php","meta":{"om_disable_all_campaigns":false,"_monsterinsights_skip_tracking":false,"_monsterinsights_sitenote_active":false,"_monsterinsights_sitenote_note":"","_monsterinsights_sitenote_category":0,"footnotes":""},"class_list":["post-431","page","type-page","status-publish","hentry"],"aioseo_notices":[],"_links":{"self":[{"href":"https:\/\/www.gpio-solutions.com\/en\/wp-json\/wp\/v2\/pages\/431","targetHints":{"allow":["GET"]}}],"collection":[{"href":"https:\/\/www.gpio-solutions.com\/en\/wp-json\/wp\/v2\/pages"}],"about":[{"href":"https:\/\/www.gpio-solutions.com\/en\/wp-json\/wp\/v2\/types\/page"}],"author":[{"embeddable":true,"href":"https:\/\/www.gpio-solutions.com\/en\/wp-json\/wp\/v2\/users\/1"}],"replies":[{"embeddable":true,"href":"https:\/\/www.gpio-solutions.com\/en\/wp-json\/wp\/v2\/comments?post=431"}],"version-history":[{"count":3,"href":"https:\/\/www.gpio-solutions.com\/en\/wp-json\/wp\/v2\/pages\/431\/revisions"}],"predecessor-version":[{"id":11238,"href":"https:\/\/www.gpio-solutions.com\/en\/wp-json\/wp\/v2\/pages\/431\/revisions\/11238"}],"wp:attachment":[{"href":"https:\/\/www.gpio-solutions.com\/en\/wp-json\/wp\/v2\/media?parent=431"}],"curies":[{"name":"wp","href":"https:\/\/api.w.org\/{rel}","templated":true}]}}